{"id":582,"date":"2022-10-25T05:56:11","date_gmt":"2022-10-25T05:56:11","guid":{"rendered":"https:\/\/kmlowcost.com\/solucoes-gestao-frota-e-equipamentos\/servicos-de-manutencao-de-pontos-de-carregamento\/"},"modified":"2023-05-17T09:55:30","modified_gmt":"2023-05-17T09:55:30","slug":"maintenance-of-charging-points","status":"publish","type":"page","link":"https:\/\/kmlowcost.com\/en\/fleet-and-equipment-management-solutions\/maintenance-of-charging-points\/","title":{"rendered":"Maintenance of charging points"},"content":{"rendered":"<p>A assist\u00eancia t\u00e9cnica dos equipamentos efetuada pela KLC \u00e9 garantida por uma equipa com abrang\u00eancia nacional e que gere mais de 2000 pontos de carregamento diariamente.<br \/>\nA KLC tem um Alvar\u00e1 de empreiteiro de obras p\u00fablicas, emitido pelo IMPIC, \u00e9 uma empresa com certifica\u00e7\u00e3o ISO 9001 e ISO 14001, tem cobertura nacional, e garante o cumprimento integral dos servi\u00e7os de manuten\u00e7\u00e3o conforme SLA acordado.<\/p>\n","protected":false},"excerpt":{"rendered":"<p>A assist\u00eancia t\u00e9cnica dos equipamentos efetuada pela KLC \u00e9 garantida por uma equipa com abrang\u00eancia nacional e que gere mais de 2000 pontos de carregamento diariamente. A KLC tem um Alvar\u00e1 de empreiteiro de obras p\u00fablicas, emitido pelo IMPIC, \u00e9 uma empresa com certifica\u00e7\u00e3o ISO 9001 e ISO 14001, tem cobertura nacional, e garante o [&hellip;]<\/p>\n","protected":false},"author":1,"featured_media":0,"parent":578,"menu_order":0,"comment_status":"closed","ping_status":"closed","template":"page-postos.php","meta":{"inline_featured_image":false,"footnotes":""},"class_list":["post-582","page","type-page","status-publish","hentry"],"aioseo_notices":[],"_links":{"self":[{"href":"https:\/\/kmlowcost.com\/en\/wp-json\/wp\/v2\/pages\/582","targetHints":{"allow":["GET"]}}],"collection":[{"href":"https:\/\/kmlowcost.com\/en\/wp-json\/wp\/v2\/pages"}],"about":[{"href":"https:\/\/kmlowcost.com\/en\/wp-json\/wp\/v2\/types\/page"}],"author":[{"embeddable":true,"href":"https:\/\/kmlowcost.com\/en\/wp-json\/wp\/v2\/users\/1"}],"replies":[{"embeddable":true,"href":"https:\/\/kmlowcost.com\/en\/wp-json\/wp\/v2\/comments?post=582"}],"version-history":[{"count":2,"href":"https:\/\/kmlowcost.com\/en\/wp-json\/wp\/v2\/pages\/582\/revisions"}],"predecessor-version":[{"id":768,"href":"https:\/\/kmlowcost.com\/en\/wp-json\/wp\/v2\/pages\/582\/revisions\/768"}],"up":[{"embeddable":true,"href":"https:\/\/kmlowcost.com\/en\/wp-json\/wp\/v2\/pages\/578"}],"wp:attachment":[{"href":"https:\/\/kmlowcost.com\/en\/wp-json\/wp\/v2\/media?parent=582"}],"curies":[{"name":"wp","href":"https:\/\/api.w.org\/{rel}","templated":true}]}}