{"id":557,"date":"2022-10-25T04:56:11","date_gmt":"2022-10-25T04:56:11","guid":{"rendered":"https:\/\/kmlowcost.com\/areas-de-atuacao\/consultoria\/"},"modified":"2023-04-03T10:26:33","modified_gmt":"2023-04-03T10:26:33","slug":"consultoria","status":"publish","type":"page","link":"https:\/\/kmlowcost.com\/es\/areas-de-especializacion\/consultoria\/","title":{"rendered":"Consultor\u00eda"},"content":{"rendered":"<p>Los conocimientos t\u00e9cnicos y la experiencia de KLC nos permiten ofrecer el mejor seguimiento de las soluciones sostenibles:<\/p>\n<ul>\n<li>Transici\u00f3n de flotas a veh\u00edculos m\u00e1s eficientes<\/li>\n<li>Soluciones de producci\u00f3n renovable<\/li>\n<li>Suministro de energ\u00eda<\/li>\n<li>Suministro de electricidad para la movilidad el\u00e9ctrica<\/li>\n<li>Gesti\u00f3n integrada<\/li>\n<\/ul>\n","protected":false},"excerpt":{"rendered":"<p>Los conocimientos t\u00e9cnicos y la experiencia de KLC nos permiten ofrecer el mejor seguimiento de las soluciones sostenibles: Transici\u00f3n de flotas a veh\u00edculos m\u00e1s eficientes Soluciones de producci\u00f3n renovable Suministro de energ\u00eda Suministro de electricidad para la movilidad el\u00e9ctrica Gesti\u00f3n integrada<\/p>\n","protected":false},"author":1,"featured_media":415,"parent":555,"menu_order":0,"comment_status":"closed","ping_status":"closed","template":"page-atuacao-children.php","meta":{"inline_featured_image":false,"footnotes":""},"class_list":["post-557","page","type-page","status-publish","has-post-thumbnail","hentry"],"aioseo_notices":[],"_links":{"self":[{"href":"https:\/\/kmlowcost.com\/es\/wp-json\/wp\/v2\/pages\/557","targetHints":{"allow":["GET"]}}],"collection":[{"href":"https:\/\/kmlowcost.com\/es\/wp-json\/wp\/v2\/pages"}],"about":[{"href":"https:\/\/kmlowcost.com\/es\/wp-json\/wp\/v2\/types\/page"}],"author":[{"embeddable":true,"href":"https:\/\/kmlowcost.com\/es\/wp-json\/wp\/v2\/users\/1"}],"replies":[{"embeddable":true,"href":"https:\/\/kmlowcost.com\/es\/wp-json\/wp\/v2\/comments?post=557"}],"version-history":[{"count":0,"href":"https:\/\/kmlowcost.com\/es\/wp-json\/wp\/v2\/pages\/557\/revisions"}],"up":[{"embeddable":true,"href":"https:\/\/kmlowcost.com\/es\/wp-json\/wp\/v2\/pages\/555"}],"wp:featuredmedia":[{"embeddable":true,"href":"https:\/\/kmlowcost.com\/es\/wp-json\/wp\/v2\/media\/415"}],"wp:attachment":[{"href":"https:\/\/kmlowcost.com\/es\/wp-json\/wp\/v2\/media?parent=557"}],"curies":[{"name":"wp","href":"https:\/\/api.w.org\/{rel}","templated":true}]}}