{"id":559,"date":"2022-10-25T04:55:56","date_gmt":"2022-10-25T04:55:56","guid":{"rendered":"https:\/\/kmlowcost.com\/areas-de-atuacao\/mobilidade-partilhada\/"},"modified":"2023-05-17T10:13:53","modified_gmt":"2023-05-17T10:13:53","slug":"mobilidad-compartida","status":"publish","type":"page","link":"https:\/\/kmlowcost.com\/es\/areas-de-especializacion\/mobilidad-compartida\/","title":{"rendered":"Mobilidad compartida"},"content":{"rendered":"<p style=\"margin-left: 18.0pt; background: white;\"><span style=\"font-family: 'Arial',sans-serif; color: #212529;\">En KLC apostamos por ofrecer soluciones de movilidad compartida, ofreciendo un servicio para el sector privado o empresarial, para que puedas disfrutar de cada trayecto sin preocupaciones.<\/span><\/p>\n<p style=\"margin-left: 18.0pt; background: white;\"><span style=\"font-family: 'Arial',sans-serif; color: #212529;\">Cuando hablamos de desplazamientos dentro de grandes n\u00facleos urbanos, el tr\u00e1fico es uno de los factores que hace que los habitantes opten por la movilidad compartida.<\/span><\/p>\n<p style=\"background: white; margin: 0cm 0cm 5.0pt 18.0pt;\"><span style=\"font-family: 'Arial',sans-serif; color: #212529;\">KLC ofrece este servicio, en el que el usuario define los kil\u00f3metros y tiempos que necesita, benefici\u00e1ndose as\u00ed de una soluci\u00f3n adaptada a sus necesidades.<\/span><\/p>\n","protected":false},"excerpt":{"rendered":"<p>En KLC apostamos por ofrecer soluciones de movilidad compartida, ofreciendo un servicio para el sector privado o empresarial, para que puedas disfrutar de cada trayecto sin preocupaciones. Cuando hablamos de desplazamientos dentro de grandes n\u00facleos urbanos, el tr\u00e1fico es uno de los factores que hace que los habitantes opten por la movilidad compartida. KLC ofrece [&hellip;]<\/p>\n","protected":false},"author":1,"featured_media":0,"parent":555,"menu_order":3,"comment_status":"closed","ping_status":"closed","template":"page-atuacao-children.php","meta":{"inline_featured_image":false,"footnotes":""},"class_list":["post-559","page","type-page","status-publish","hentry"],"aioseo_notices":[],"_links":{"self":[{"href":"https:\/\/kmlowcost.com\/es\/wp-json\/wp\/v2\/pages\/559","targetHints":{"allow":["GET"]}}],"collection":[{"href":"https:\/\/kmlowcost.com\/es\/wp-json\/wp\/v2\/pages"}],"about":[{"href":"https:\/\/kmlowcost.com\/es\/wp-json\/wp\/v2\/types\/page"}],"author":[{"embeddable":true,"href":"https:\/\/kmlowcost.com\/es\/wp-json\/wp\/v2\/users\/1"}],"replies":[{"embeddable":true,"href":"https:\/\/kmlowcost.com\/es\/wp-json\/wp\/v2\/comments?post=559"}],"version-history":[{"count":0,"href":"https:\/\/kmlowcost.com\/es\/wp-json\/wp\/v2\/pages\/559\/revisions"}],"up":[{"embeddable":true,"href":"https:\/\/kmlowcost.com\/es\/wp-json\/wp\/v2\/pages\/555"}],"wp:attachment":[{"href":"https:\/\/kmlowcost.com\/es\/wp-json\/wp\/v2\/media?parent=559"}],"curies":[{"name":"wp","href":"https:\/\/api.w.org\/{rel}","templated":true}]}}