{"id":561,"date":"2022-10-25T04:51:26","date_gmt":"2022-10-25T04:51:26","guid":{"rendered":"https:\/\/kmlowcost.com\/areas-de-atuacao\/mobilidade-sustentavel\/"},"modified":"2023-05-17T10:10:42","modified_gmt":"2023-05-17T10:10:42","slug":"movilidad-sostenible","status":"publish","type":"page","link":"https:\/\/kmlowcost.com\/es\/areas-de-especializacion\/movilidad-sostenible\/","title":{"rendered":"Movilidad sostenible"},"content":{"rendered":"<p>En KLC desarrollamos la mejor soluci\u00f3n de movilidad el\u00e9ctrica, adaptada a las necesidades de cada cliente:<\/p>\n<ul>\n<li>Comunidades de propietarios<\/li>\n<li>Empresas<\/li>\n<li>Entidades p\u00fablicas<\/li>\n<li>Espacios comerciales<\/li>\n<\/ul>\n<p>Combinamos tecnolog\u00eda con sostenibilidad e invertimos en estaciones de recarga para diferentes tipos de veh\u00edculos.<\/p>\n","protected":false},"excerpt":{"rendered":"<p>En KLC desarrollamos la mejor soluci\u00f3n de movilidad el\u00e9ctrica, adaptada a las necesidades de cada cliente: Comunidades de propietarios Empresas Entidades p\u00fablicas Espacios comerciales Combinamos tecnolog\u00eda con sostenibilidad e invertimos en estaciones de recarga para diferentes tipos de veh\u00edculos.<\/p>\n","protected":false},"author":1,"featured_media":413,"parent":555,"menu_order":0,"comment_status":"closed","ping_status":"closed","template":"page-atuacao-children.php","meta":{"inline_featured_image":false,"footnotes":""},"class_list":["post-561","page","type-page","status-publish","has-post-thumbnail","hentry"],"aioseo_notices":[],"_links":{"self":[{"href":"https:\/\/kmlowcost.com\/es\/wp-json\/wp\/v2\/pages\/561","targetHints":{"allow":["GET"]}}],"collection":[{"href":"https:\/\/kmlowcost.com\/es\/wp-json\/wp\/v2\/pages"}],"about":[{"href":"https:\/\/kmlowcost.com\/es\/wp-json\/wp\/v2\/types\/page"}],"author":[{"embeddable":true,"href":"https:\/\/kmlowcost.com\/es\/wp-json\/wp\/v2\/users\/1"}],"replies":[{"embeddable":true,"href":"https:\/\/kmlowcost.com\/es\/wp-json\/wp\/v2\/comments?post=561"}],"version-history":[{"count":0,"href":"https:\/\/kmlowcost.com\/es\/wp-json\/wp\/v2\/pages\/561\/revisions"}],"up":[{"embeddable":true,"href":"https:\/\/kmlowcost.com\/es\/wp-json\/wp\/v2\/pages\/555"}],"wp:featuredmedia":[{"embeddable":true,"href":"https:\/\/kmlowcost.com\/es\/wp-json\/wp\/v2\/media\/413"}],"wp:attachment":[{"href":"https:\/\/kmlowcost.com\/es\/wp-json\/wp\/v2\/media?parent=561"}],"curies":[{"name":"wp","href":"https:\/\/api.w.org\/{rel}","templated":true}]}}