{"id":567,"date":"2022-10-25T05:40:45","date_gmt":"2022-10-25T05:40:45","guid":{"rendered":"https:\/\/kmlowcost.com\/fornecimento-gestao-e-manutencao-de-carregadores\/"},"modified":"2023-05-17T10:39:24","modified_gmt":"2023-05-17T10:39:24","slug":"suministro-gestion-y-mantenimiento-de-cargadores","status":"publish","type":"page","link":"https:\/\/kmlowcost.com\/es\/suministro-gestion-y-mantenimiento-de-cargadores\/","title":{"rendered":"SUMINISTRO, GESTI\u00d3N Y MANTENIMIENTO DE CARGADORES"},"content":{"rendered":"<p>KLC lleva a cabo la concepci\u00f3n, el dise\u00f1o, el suministro, la instalaci\u00f3n y la puesta en servicio de infraestructuras de recarga para diferentes tipos de equipos, como veh\u00edculos, autobuses o embarcaciones.<\/p>\n<ul>\n<li>Licitaciones p\u00fablicas<\/li>\n<li>Propuestas comerciales<\/li>\n<li>Acuerdos marco<\/li>\n<li>Soluciones para parques empresariales<\/li>\n<li>Usuarios Privados<\/li>\n<\/ul>\n","protected":false},"excerpt":{"rendered":"<p>KLC lleva a cabo la concepci\u00f3n, el dise\u00f1o, el suministro, la instalaci\u00f3n y la puesta en servicio de infraestructuras de recarga para diferentes tipos de equipos, como veh\u00edculos, autobuses o embarcaciones. Licitaciones p\u00fablicas Propuestas comerciales Acuerdos marco Soluciones para parques empresariales Usuarios Privados<\/p>\n","protected":false},"author":1,"featured_media":0,"parent":0,"menu_order":4,"comment_status":"closed","ping_status":"closed","template":"page-fornecimento.php","meta":{"inline_featured_image":false,"footnotes":""},"class_list":["post-567","page","type-page","status-publish","hentry"],"aioseo_notices":[],"_links":{"self":[{"href":"https:\/\/kmlowcost.com\/es\/wp-json\/wp\/v2\/pages\/567","targetHints":{"allow":["GET"]}}],"collection":[{"href":"https:\/\/kmlowcost.com\/es\/wp-json\/wp\/v2\/pages"}],"about":[{"href":"https:\/\/kmlowcost.com\/es\/wp-json\/wp\/v2\/types\/page"}],"author":[{"embeddable":true,"href":"https:\/\/kmlowcost.com\/es\/wp-json\/wp\/v2\/users\/1"}],"replies":[{"embeddable":true,"href":"https:\/\/kmlowcost.com\/es\/wp-json\/wp\/v2\/comments?post=567"}],"version-history":[{"count":0,"href":"https:\/\/kmlowcost.com\/es\/wp-json\/wp\/v2\/pages\/567\/revisions"}],"wp:attachment":[{"href":"https:\/\/kmlowcost.com\/es\/wp-json\/wp\/v2\/media?parent=567"}],"curies":[{"name":"wp","href":"https:\/\/api.w.org\/{rel}","templated":true}]}}