{"id":577,"date":"2022-10-19T13:13:21","date_gmt":"2022-10-19T13:13:21","guid":{"rendered":"https:\/\/kmlowcost.com\/quem-somos\/"},"modified":"2023-05-17T10:22:45","modified_gmt":"2023-05-17T10:22:45","slug":"quienes-somos","status":"publish","type":"page","link":"https:\/\/kmlowcost.com\/es\/quienes-somos\/","title":{"rendered":"QUIENES SOMOS"},"content":{"rendered":"<p>A Kilometer Low Cost (KLC) es una empresa certificada, innovadora y de referencia en el mercado de soluciones integradas para la movilidad el\u00e9ctrica en Portugal.<\/p>\n<p>KLC desarrolla un concepto de negocio que promueve el uso de la energ\u00eda el\u00e9ctrica, con el objetivo de reducir significativamente las emisiones de CO2 y otros contaminantes. Invertimos en la creaci\u00f3n de soluciones adaptadas a las necesidades de cada cliente y garantizamos los mejores precios del mercado.<br \/>\nKLC desde 2016 ha prestado servicios para algunos de los principales actores del sector ( LIDL, MOBI.E, EMEL, Atlante,etc.) en \u00e1reas como: Proyectos de ingenier\u00eda, suministro e instalaci\u00f3n de estaciones de carga (veh\u00edculos ligeros, autobuses, barcos, entre otros); mantenimiento y operaci\u00f3n de estaciones de carga; desarrollo e implementaci\u00f3n de soluciones para empresas y comunidades de propietarios; y servicios de movilidad compartida.<\/p>\n","protected":false},"excerpt":{"rendered":"<p>A Kilometer Low Cost (KLC) es una empresa certificada, innovadora y de referencia en el mercado de soluciones integradas para la movilidad el\u00e9ctrica en Portugal. KLC desarrolla un concepto de negocio que promueve el uso de la energ\u00eda el\u00e9ctrica, con el objetivo de reducir significativamente las emisiones de CO2 y otros contaminantes. Invertimos en la [&hellip;]<\/p>\n","protected":false},"author":1,"featured_media":405,"parent":0,"menu_order":0,"comment_status":"closed","ping_status":"closed","template":"page-timeline.php","meta":{"inline_featured_image":false,"footnotes":""},"class_list":["post-577","page","type-page","status-publish","has-post-thumbnail","hentry"],"aioseo_notices":[],"_links":{"self":[{"href":"https:\/\/kmlowcost.com\/es\/wp-json\/wp\/v2\/pages\/577","targetHints":{"allow":["GET"]}}],"collection":[{"href":"https:\/\/kmlowcost.com\/es\/wp-json\/wp\/v2\/pages"}],"about":[{"href":"https:\/\/kmlowcost.com\/es\/wp-json\/wp\/v2\/types\/page"}],"author":[{"embeddable":true,"href":"https:\/\/kmlowcost.com\/es\/wp-json\/wp\/v2\/users\/1"}],"replies":[{"embeddable":true,"href":"https:\/\/kmlowcost.com\/es\/wp-json\/wp\/v2\/comments?post=577"}],"version-history":[{"count":0,"href":"https:\/\/kmlowcost.com\/es\/wp-json\/wp\/v2\/pages\/577\/revisions"}],"wp:featuredmedia":[{"embeddable":true,"href":"https:\/\/kmlowcost.com\/es\/wp-json\/wp\/v2\/media\/405"}],"wp:attachment":[{"href":"https:\/\/kmlowcost.com\/es\/wp-json\/wp\/v2\/media?parent=577"}],"curies":[{"name":"wp","href":"https:\/\/api.w.org\/{rel}","templated":true}]}}