{"id":579,"date":"2022-10-25T05:48:49","date_gmt":"2022-10-25T05:48:49","guid":{"rendered":"https:\/\/kmlowcost.com\/solucoes-gestao-frota-e-equipamentos\/"},"modified":"2023-05-17T10:34:40","modified_gmt":"2023-05-17T10:34:40","slug":"soluciones-de-gestion-de-flotas-y-equipos","status":"publish","type":"page","link":"https:\/\/kmlowcost.com\/es\/soluciones-de-gestion-de-flotas-y-equipos\/","title":{"rendered":"Soluciones de gesti\u00f3n de flotas y equipos"},"content":{"rendered":"<p>KLC viene liderando la transici\u00f3n a la movilidad el\u00e9ctrica en Portugal, no s\u00f3lo en la instalaci\u00f3n y operaci\u00f3n de equipos conectados a la red Mobi.e, sino tambi\u00e9n en la instalaci\u00f3n de soluciones de recarga en empresas y condominios.<\/p>\n<p>La Soluci\u00f3n B2B de KLC consiste en:<\/p>\n<ul class=\"alignleft\">\n<li>Consultor\u00eda en el dise\u00f1o y desarrollo de soluciones de recarga;<\/li>\n<li>Selecci\u00f3n de los equipos adecuados;<\/li>\n<li>Software para el equilibrado y la gesti\u00f3n de la carga;<\/li>\n<li>Producci\u00f3n de energ\u00eda;<\/li>\n<li>Optimizaci\u00f3n de rutas y redes de KLC;<\/li>\n<li>Diferentes modalidades de contrata\u00e7\u00e3o.<\/li>\n<\/ul>\n<p><img loading=\"lazy\" decoding=\"async\" class=\"aligncenter size-full wp-image-379\" src=\"https:\/\/kmlowcost.com\/wp-content\/uploads\/2023\/03\/Logo-2.png\" alt=\"\" width=\"1434\" height=\"122\" srcset=\"https:\/\/kmlowcost.com\/wp-content\/uploads\/2023\/03\/Logo-2.png 1434w, https:\/\/kmlowcost.com\/wp-content\/uploads\/2023\/03\/Logo-2-300x26.png 300w, https:\/\/kmlowcost.com\/wp-content\/uploads\/2023\/03\/Logo-2-1024x87.png 1024w, https:\/\/kmlowcost.com\/wp-content\/uploads\/2023\/03\/Logo-2-768x65.png 768w\" sizes=\"auto, (max-width: 1434px) 100vw, 1434px\" \/><\/p>\n","protected":false},"excerpt":{"rendered":"<p>KLC viene liderando la transici\u00f3n a la movilidad el\u00e9ctrica en Portugal, no s\u00f3lo en la instalaci\u00f3n y operaci\u00f3n de equipos conectados a la red Mobi.e, sino tambi\u00e9n en la instalaci\u00f3n de soluciones de recarga en empresas y condominios. La Soluci\u00f3n B2B de KLC consiste en: Consultor\u00eda en el dise\u00f1o y desarrollo de soluciones de recarga; [&hellip;]<\/p>\n","protected":false},"author":1,"featured_media":0,"parent":0,"menu_order":2,"comment_status":"closed","ping_status":"closed","template":"page-gestao-frota.php","meta":{"inline_featured_image":false,"footnotes":""},"class_list":["post-579","page","type-page","status-publish","hentry"],"aioseo_notices":[],"_links":{"self":[{"href":"https:\/\/kmlowcost.com\/es\/wp-json\/wp\/v2\/pages\/579","targetHints":{"allow":["GET"]}}],"collection":[{"href":"https:\/\/kmlowcost.com\/es\/wp-json\/wp\/v2\/pages"}],"about":[{"href":"https:\/\/kmlowcost.com\/es\/wp-json\/wp\/v2\/types\/page"}],"author":[{"embeddable":true,"href":"https:\/\/kmlowcost.com\/es\/wp-json\/wp\/v2\/users\/1"}],"replies":[{"embeddable":true,"href":"https:\/\/kmlowcost.com\/es\/wp-json\/wp\/v2\/comments?post=579"}],"version-history":[{"count":0,"href":"https:\/\/kmlowcost.com\/es\/wp-json\/wp\/v2\/pages\/579\/revisions"}],"wp:attachment":[{"href":"https:\/\/kmlowcost.com\/es\/wp-json\/wp\/v2\/media?parent=579"}],"curies":[{"name":"wp","href":"https:\/\/api.w.org\/{rel}","templated":true}]}}