{"id":581,"date":"2022-10-25T05:55:58","date_gmt":"2022-10-25T05:55:58","guid":{"rendered":"https:\/\/kmlowcost.com\/solucoes-gestao-frota-e-equipamentos\/operacao-de-postos-de-carregamento-de-veiculos-elericos\/"},"modified":"2023-05-17T10:37:16","modified_gmt":"2023-05-17T10:37:16","slug":"explotacion-de-estaciones-de-recarga-de-vehiculos-electricos","status":"publish","type":"page","link":"https:\/\/kmlowcost.com\/es\/soluciones-de-gestion-de-flotas-y-equipos\/explotacion-de-estaciones-de-recarga-de-vehiculos-electricos\/","title":{"rendered":"Explotaci\u00f3n de estaciones de recarga de veh\u00edculos el\u00e9ctricos"},"content":{"rendered":"<p>A KLC faz o investimento, fornece, instala, coloca em funcionamento e efetua a Opera\u00e7\u00e3o de postos de carregamento de ve\u00edculos El\u00e9tricos.<br \/>\nA Opera\u00e7ao da KLC integra diversos tipos de postos com pot\u00eancias de 3.7kW a 300kW oferecendo diversas solu\u00e7\u00f5es para:<\/p>\n","protected":false},"excerpt":{"rendered":"<p>A KLC faz o investimento, fornece, instala, coloca em funcionamento e efetua a Opera\u00e7\u00e3o de postos de carregamento de ve\u00edculos El\u00e9tricos. A Opera\u00e7ao da KLC integra diversos tipos de postos com pot\u00eancias de 3.7kW a 300kW oferecendo diversas solu\u00e7\u00f5es para:<\/p>\n","protected":false},"author":1,"featured_media":0,"parent":579,"menu_order":0,"comment_status":"closed","ping_status":"closed","template":"page-postos.php","meta":{"inline_featured_image":false,"footnotes":""},"class_list":["post-581","page","type-page","status-publish","hentry"],"aioseo_notices":[],"_links":{"self":[{"href":"https:\/\/kmlowcost.com\/es\/wp-json\/wp\/v2\/pages\/581","targetHints":{"allow":["GET"]}}],"collection":[{"href":"https:\/\/kmlowcost.com\/es\/wp-json\/wp\/v2\/pages"}],"about":[{"href":"https:\/\/kmlowcost.com\/es\/wp-json\/wp\/v2\/types\/page"}],"author":[{"embeddable":true,"href":"https:\/\/kmlowcost.com\/es\/wp-json\/wp\/v2\/users\/1"}],"replies":[{"embeddable":true,"href":"https:\/\/kmlowcost.com\/es\/wp-json\/wp\/v2\/comments?post=581"}],"version-history":[{"count":0,"href":"https:\/\/kmlowcost.com\/es\/wp-json\/wp\/v2\/pages\/581\/revisions"}],"up":[{"embeddable":true,"href":"https:\/\/kmlowcost.com\/es\/wp-json\/wp\/v2\/pages\/579"}],"wp:attachment":[{"href":"https:\/\/kmlowcost.com\/es\/wp-json\/wp\/v2\/media?parent=581"}],"curies":[{"name":"wp","href":"https:\/\/api.w.org\/{rel}","templated":true}]}}